{"id":71,"date":"2011-09-23T20:54:37","date_gmt":"2011-09-23T18:54:37","guid":{"rendered":"http:\/\/www.7octobre.com\/blog\/?page_id=71"},"modified":"2020-11-02T22:38:26","modified_gmt":"2020-11-02T20:38:26","slug":"ils-deviendront-une-seule-chair","status":"publish","type":"page","link":"http:\/\/www.7octobre.com\/blog\/?page_id=71","title":{"rendered":"Ils deviendront une seule chair"},"content":{"rendered":"<p style=\"text-align: left;\">2007 HDCAM 28&prime; diffus\u00e9 sur France 2.<\/p>\n<p>Marc est un solitaire. Son asociabilit\u00e9 commence \u00e0 poser de s\u00e9rieux probl\u00e8mes \u00e0 son travail. Un soir en rentrant, il d\u00e9couvre une femme qu\u2019il ne conna\u00eet pas dans son appartement.<\/p>\n<p><a href=\"http:\/\/www.7octobre.com\/blog\/wp-content\/uploads\/2011\/10\/affiche-idusc.jpg\"><img loading=\"lazy\" class=\"size-large wp-image-331 aligncenter\" title=\"affiche idusc\" src=\"http:\/\/www.7octobre.com\/blog\/wp-content\/uploads\/2011\/10\/affiche-idusc-682x1024.jpg\" alt=\"\" width=\"409\" height=\"613\" srcset=\"http:\/\/www.7octobre.com\/blog\/wp-content\/uploads\/2011\/10\/affiche-idusc-682x1024.jpg 682w, http:\/\/www.7octobre.com\/blog\/wp-content\/uploads\/2011\/10\/affiche-idusc.jpg 1181w\" sizes=\"(max-width: 409px) 100vw, 409px\" \/><\/a><\/p>\n\n\n<figure class=\"wp-block-embed-youtube wp-block-embed is-type-video is-provider-youtube wp-embed-aspect-16-9 wp-has-aspect-ratio\"><div class=\"wp-block-embed__wrapper\">\n<iframe loading=\"lazy\" title=\"ils deviendront une seule chair\" width=\"768\" height=\"432\" src=\"https:\/\/www.youtube.com\/embed\/XVyHCX6oB6Q?feature=oembed\" frameborder=\"0\" allow=\"accelerometer; autoplay; clipboard-write; encrypted-media; gyroscope; picture-in-picture\" allowfullscreen><\/iframe>\n<\/div><\/figure>\n<div id=\"fb_share_1\" style=\"float: right; margin-left: 10px;\"><a name=\"fb_share\" type=\"box_count\" share_url=\"http:\/\/www.7octobre.com\/blog\/?page_id=71\" href=\"http:\/\/www.facebook.com\/sharer.php\">Share<\/a><\/div><div><script src=\"http:\/\/static.ak.fbcdn.net\/connect.php\/js\/FB.Share\" type=\"text\/javascript\"><\/script><\/div>","protected":false},"excerpt":{"rendered":"<p>2007 HDCAM 28&prime; diffus\u00e9 sur France 2. Marc est un solitaire. Son asociabilit\u00e9 commence \u00e0 poser de s\u00e9rieux probl\u00e8mes \u00e0 son travail. Un soir en rentrant, il d\u00e9couvre une femme qu\u2019il ne conna\u00eet pas dans son appartement. Share<\/p>\n","protected":false},"author":1,"featured_media":0,"parent":33,"menu_order":0,"comment_status":"closed","ping_status":"open","template":"","meta":{"ngg_post_thumbnail":0},"_links":{"self":[{"href":"http:\/\/www.7octobre.com\/blog\/index.php?rest_route=\/wp\/v2\/pages\/71"}],"collection":[{"href":"http:\/\/www.7octobre.com\/blog\/index.php?rest_route=\/wp\/v2\/pages"}],"about":[{"href":"http:\/\/www.7octobre.com\/blog\/index.php?rest_route=\/wp\/v2\/types\/page"}],"author":[{"embeddable":true,"href":"http:\/\/www.7octobre.com\/blog\/index.php?rest_route=\/wp\/v2\/users\/1"}],"replies":[{"embeddable":true,"href":"http:\/\/www.7octobre.com\/blog\/index.php?rest_route=%2Fwp%2Fv2%2Fcomments&post=71"}],"version-history":[{"count":15,"href":"http:\/\/www.7octobre.com\/blog\/index.php?rest_route=\/wp\/v2\/pages\/71\/revisions"}],"predecessor-version":[{"id":1082,"href":"http:\/\/www.7octobre.com\/blog\/index.php?rest_route=\/wp\/v2\/pages\/71\/revisions\/1082"}],"up":[{"embeddable":true,"href":"http:\/\/www.7octobre.com\/blog\/index.php?rest_route=\/wp\/v2\/pages\/33"}],"wp:attachment":[{"href":"http:\/\/www.7octobre.com\/blog\/index.php?rest_route=%2Fwp%2Fv2%2Fmedia&parent=71"}],"curies":[{"name":"wp","href":"https:\/\/api.w.org\/{rel}","templated":true}]}}