{"id":36,"date":"2011-09-19T15:09:10","date_gmt":"2011-09-19T13:09:10","guid":{"rendered":"http:\/\/www.7octobre.com\/blog\/?page_id=36"},"modified":"2018-04-24T12:38:06","modified_gmt":"2018-04-24T10:38:06","slug":"qui-sommes-nous","status":"publish","type":"page","link":"http:\/\/www.7octobre.com\/blog\/?page_id=36","title":{"rendered":"Qui sommes nous?"},"content":{"rendered":"<p>Un film &nbsp;documentaire ou un film de fiction n&rsquo;est jamais le travail &nbsp;d&rsquo;une seule personne&#8230; Tous ceux de ce site ont pour point commun le m\u00eame r\u00e9alisateur, mais de nombreuses autres personnes ont particip\u00e9 activement \u00e0 ce que ces films se fassent.<\/p>\n<p>Voici quelques unes des personnes de \u00ab\u00a0l&rsquo;\u00e9quipe\u00a0\u00bb de 7octobre.<\/p>\n<p><strong>Matthieu Frison&nbsp;<\/strong>R\u00e9alisateur&nbsp;<\/p>\n<p><a href=\"http:\/\/www.7octobre.com\/blog\/wp-content\/uploads\/2011\/10\/5700_1188503234094_1273725482_528464_5462399_n.jpg\"><img loading=\"lazy\" class=\"size-medium wp-image-438 alignleft\" src=\"http:\/\/www.7octobre.com\/blog\/wp-content\/uploads\/2011\/10\/5700_1188503234094_1273725482_528464_5462399_n-300x199.jpg\" alt=\"\" width=\"300\" height=\"199\" srcset=\"http:\/\/www.7octobre.com\/blog\/wp-content\/uploads\/2011\/10\/5700_1188503234094_1273725482_528464_5462399_n-300x199.jpg 300w, http:\/\/www.7octobre.com\/blog\/wp-content\/uploads\/2011\/10\/5700_1188503234094_1273725482_528464_5462399_n-450x300.jpg 450w, http:\/\/www.7octobre.com\/blog\/wp-content\/uploads\/2011\/10\/5700_1188503234094_1273725482_528464_5462399_n.jpg 604w\" sizes=\"(max-width: 300px) 100vw, 300px\" \/><\/a><\/p>\n<p>&nbsp;<\/p>\n<p>&nbsp;<\/p>\n<p>&nbsp;<\/p>\n<p>&nbsp;<\/p>\n<p>&nbsp;<\/p>\n<p>&nbsp;<\/p>\n<p><strong>Ingrid Grillet-Aubert <\/strong>Auteur cadreuse et monteuse<\/p>\n<p><img loading=\"lazy\" class=\"wp-image-981 alignleft\" src=\"http:\/\/www.7octobre.com\/blog\/wp-content\/uploads\/2018\/04\/1270829_10201777521936866_789204824_o-300x200.jpg\" alt=\"\" width=\"309\" height=\"211\"><\/p>\n<p>&nbsp;<\/p>\n<p>&nbsp;<\/p>\n<p>&nbsp;<\/p>\n<p>&nbsp;<\/p>\n<p>&nbsp;<\/p>\n<p>&nbsp;<\/p>\n<p><strong>Jorane Cambier <\/strong>Compositeur<\/p>\n<p><a href=\"http:\/\/www.7octobre.com\/blog\/wp-content\/uploads\/2011\/09\/PICT0075.jpg\"><img loading=\"lazy\" class=\"size-medium wp-image-476 alignleft\" src=\"http:\/\/www.7octobre.com\/blog\/wp-content\/uploads\/2011\/09\/PICT0075-300x200.jpg\" alt=\"\" width=\"300\" height=\"200\" srcset=\"http:\/\/www.7octobre.com\/blog\/wp-content\/uploads\/2011\/09\/PICT0075-300x200.jpg 300w, http:\/\/www.7octobre.com\/blog\/wp-content\/uploads\/2011\/09\/PICT0075-1024x682.jpg 1024w, http:\/\/www.7octobre.com\/blog\/wp-content\/uploads\/2011\/09\/PICT0075-450x300.jpg 450w\" sizes=\"(max-width: 300px) 100vw, 300px\" \/><\/a><\/p>\n<p>&nbsp;<\/p>\n<p>&nbsp;<\/p>\n<p>&nbsp;<\/p>\n<p>&nbsp;<\/p>\n<p>&nbsp;<\/p>\n<p>&nbsp;<\/p>\n<p><strong>Herv\u00e9 Faula&nbsp;<\/strong>Ing\u00e9nieur du son et compositeur<\/p>\n<p><a href=\"http:\/\/www.7octobre.com\/blog\/wp-content\/uploads\/2011\/09\/herve2.jpg\"><img loading=\"lazy\" class=\"size-medium wp-image-482 alignleft\" src=\"http:\/\/www.7octobre.com\/blog\/wp-content\/uploads\/2011\/09\/herve2-300x300.jpg\" alt=\"\" width=\"300\" height=\"300\" srcset=\"http:\/\/www.7octobre.com\/blog\/wp-content\/uploads\/2011\/09\/herve2-300x300.jpg 300w, http:\/\/www.7octobre.com\/blog\/wp-content\/uploads\/2011\/09\/herve2-150x150.jpg 150w, http:\/\/www.7octobre.com\/blog\/wp-content\/uploads\/2011\/09\/herve2.jpg 800w\" sizes=\"(max-width: 300px) 100vw, 300px\" \/><\/a><\/p>\n<p>&nbsp;<\/p>\n<div id=\"fb_share_1\" style=\"float: right; margin-left: 10px;\"><a name=\"fb_share\" type=\"box_count\" share_url=\"http:\/\/www.7octobre.com\/blog\/?page_id=36\" href=\"http:\/\/www.facebook.com\/sharer.php\">Share<\/a><\/div><div><script src=\"http:\/\/static.ak.fbcdn.net\/connect.php\/js\/FB.Share\" type=\"text\/javascript\"><\/script><\/div>","protected":false},"excerpt":{"rendered":"<p>Un film &nbsp;documentaire ou un film de fiction n&rsquo;est jamais le travail &nbsp;d&rsquo;une seule personne&#8230; Tous ceux de ce site ont pour point commun le m\u00eame r\u00e9alisateur, mais de nombreuses autres personnes ont particip\u00e9 activement \u00e0 ce que ces films se fassent. Voici quelques unes des personnes de \u00ab\u00a0l&rsquo;\u00e9quipe\u00a0\u00bb de 7octobre. Matthieu Frison&nbsp;R\u00e9alisateur&nbsp; &nbsp; &nbsp; [&hellip;]<\/p>\n","protected":false},"author":2,"featured_media":0,"parent":0,"menu_order":0,"comment_status":"closed","ping_status":"open","template":"","meta":{"ngg_post_thumbnail":0},"_links":{"self":[{"href":"http:\/\/www.7octobre.com\/blog\/index.php?rest_route=\/wp\/v2\/pages\/36"}],"collection":[{"href":"http:\/\/www.7octobre.com\/blog\/index.php?rest_route=\/wp\/v2\/pages"}],"about":[{"href":"http:\/\/www.7octobre.com\/blog\/index.php?rest_route=\/wp\/v2\/types\/page"}],"author":[{"embeddable":true,"href":"http:\/\/www.7octobre.com\/blog\/index.php?rest_route=\/wp\/v2\/users\/2"}],"replies":[{"embeddable":true,"href":"http:\/\/www.7octobre.com\/blog\/index.php?rest_route=%2Fwp%2Fv2%2Fcomments&post=36"}],"version-history":[{"count":45,"href":"http:\/\/www.7octobre.com\/blog\/index.php?rest_route=\/wp\/v2\/pages\/36\/revisions"}],"predecessor-version":[{"id":980,"href":"http:\/\/www.7octobre.com\/blog\/index.php?rest_route=\/wp\/v2\/pages\/36\/revisions\/980"}],"wp:attachment":[{"href":"http:\/\/www.7octobre.com\/blog\/index.php?rest_route=%2Fwp%2Fv2%2Fmedia&parent=36"}],"curies":[{"name":"wp","href":"https:\/\/api.w.org\/{rel}","templated":true}]}}